{"id":219,"date":"2021-05-27T10:55:40","date_gmt":"2021-05-27T08:55:40","guid":{"rendered":"https:\/\/moebel-heinrich.code-in-progress.de\/wp\/?page_id=219"},"modified":"2021-06-30T15:31:46","modified_gmt":"2021-06-30T13:31:46","slug":"beispiellayouts-masse","status":"publish","type":"page","link":"https:\/\/moebel-heinrich.code-in-progress.de\/wp\/beispiellayouts-masse\/","title":{"rendered":"Beispielvermassungen"},"content":{"rendered":"\n<div style=\"height:40px\" aria-hidden=\"true\" class=\"wp-block-spacer\"><\/div>\n\n\n\n<p>In den hier abgebildeten Beispielen sollen nur Rahmengestaltungen verdeutlicht werden. Wo steht das Logo, wie gro\u00df ist das Logo, wie dick sind die Rahmenelemente? Anhand der Beispiele lassen sich leicht Gr\u00f6\u00dfen f\u00fcr weitere Formate ableiten. Die Ma\u00dfe dienen als Empfehlung. Je nach Botschaft, Aussage und Platzierung k\u00f6nnen nat\u00fcrlich andere Gr\u00f6\u00dfenverh\u00e4ltnisse n\u00f6tig oder besser geeignet sein.&nbsp;<\/p>\n\n\n\n<div style=\"height:80px\" aria-hidden=\"true\" class=\"wp-block-spacer\"><\/div>\n\n\n\n<h2><strong>DIN lang<\/strong><\/h2>\n\n\n\n<div class=\"wp-block-columns\">\n<div class=\"wp-block-column\">\n<figure class=\"wp-block-image size-large\"><img loading=\"lazy\" width=\"910\" height=\"1024\" src=\"https:\/\/moebel-heinrich.code-in-progress.de\/content\/uploads\/2021\/06\/B-MHE-20001_MoebelHeinrich_styleguide_Beispiellayouts_DIN-Lang_1-910x1024.png\" alt=\"\" class=\"wp-image-376\" srcset=\"https:\/\/moebel-heinrich.code-in-progress.de\/content\/uploads\/2021\/06\/B-MHE-20001_MoebelHeinrich_styleguide_Beispiellayouts_DIN-Lang_1-910x1024.png 910w, https:\/\/moebel-heinrich.code-in-progress.de\/content\/uploads\/2021\/06\/B-MHE-20001_MoebelHeinrich_styleguide_Beispiellayouts_DIN-Lang_1-768x864.png 768w, https:\/\/moebel-heinrich.code-in-progress.de\/content\/uploads\/2021\/06\/B-MHE-20001_MoebelHeinrich_styleguide_Beispiellayouts_DIN-Lang_1.png 1227w\" sizes=\"(max-width: 910px) 100vw, 910px\" \/><\/figure>\n<\/div>\n\n\n\n<div class=\"wp-block-column\">\n<figure class=\"wp-block-image size-large\"><img loading=\"lazy\" width=\"911\" height=\"1024\" src=\"https:\/\/moebel-heinrich.code-in-progress.de\/content\/uploads\/2021\/06\/B-MHE-20001_MoebelHeinrich_styleguide_Beispiellayouts_DIN-Lang_2-911x1024.png\" alt=\"\" class=\"wp-image-366\" srcset=\"https:\/\/moebel-heinrich.code-in-progress.de\/content\/uploads\/2021\/06\/B-MHE-20001_MoebelHeinrich_styleguide_Beispiellayouts_DIN-Lang_2-911x1024.png 911w, https:\/\/moebel-heinrich.code-in-progress.de\/content\/uploads\/2021\/06\/B-MHE-20001_MoebelHeinrich_styleguide_Beispiellayouts_DIN-Lang_2-768x864.png 768w, https:\/\/moebel-heinrich.code-in-progress.de\/content\/uploads\/2021\/06\/B-MHE-20001_MoebelHeinrich_styleguide_Beispiellayouts_DIN-Lang_2.png 1228w\" sizes=\"(max-width: 911px) 100vw, 911px\" \/><\/figure>\n<\/div>\n<\/div>\n\n\n\n<figure class=\"wp-block-image size-large\"><img src=\"blob:https:\/\/moebel-heinrich.code-in-progress.de\/aab37afc-46e7-4684-91c1-19d0b13fb393\" alt=\"\"\/><\/figure>\n\n\n\n<h2><strong>Post Aktuell A5<\/strong><\/h2>\n\n\n\n<div class=\"wp-block-columns\">\n<div class=\"wp-block-column\" style=\"flex-basis:100%\">\n<div class=\"wp-block-columns\">\n<div class=\"wp-block-column\" style=\"flex-basis:60%\">\n<figure class=\"wp-block-image size-large\"><img loading=\"lazy\" width=\"1024\" height=\"680\" src=\"https:\/\/moebel-heinrich.code-in-progress.de\/content\/uploads\/2021\/06\/B-MHE-20001_MoebelHeinrich_styleguide_Beispiellayouts_DIN-A5_1-1024x680.png\" alt=\"\" class=\"wp-image-377\" srcset=\"https:\/\/moebel-heinrich.code-in-progress.de\/content\/uploads\/2021\/06\/B-MHE-20001_MoebelHeinrich_styleguide_Beispiellayouts_DIN-A5_1-1024x680.png 1024w, https:\/\/moebel-heinrich.code-in-progress.de\/content\/uploads\/2021\/06\/B-MHE-20001_MoebelHeinrich_styleguide_Beispiellayouts_DIN-A5_1-768x510.png 768w, https:\/\/moebel-heinrich.code-in-progress.de\/content\/uploads\/2021\/06\/B-MHE-20001_MoebelHeinrich_styleguide_Beispiellayouts_DIN-A5_1-1536x1019.png 1536w, https:\/\/moebel-heinrich.code-in-progress.de\/content\/uploads\/2021\/06\/B-MHE-20001_MoebelHeinrich_styleguide_Beispiellayouts_DIN-A5_1.png 1552w\" sizes=\"(max-width: 1024px) 100vw, 1024px\" \/><\/figure>\n<\/div>\n\n\n\n<div class=\"wp-block-column\" style=\"flex-basis:40%\">\n<figure class=\"wp-block-image size-large\"><img loading=\"lazy\" width=\"897\" height=\"1024\" src=\"https:\/\/moebel-heinrich.code-in-progress.de\/content\/uploads\/2021\/06\/B-MHE-20001_MoebelHeinrich_styleguide_Beispiellayouts_DIN-A5_2-897x1024.png\" alt=\"\" class=\"wp-image-367\" srcset=\"https:\/\/moebel-heinrich.code-in-progress.de\/content\/uploads\/2021\/06\/B-MHE-20001_MoebelHeinrich_styleguide_Beispiellayouts_DIN-A5_2-897x1024.png 897w, https:\/\/moebel-heinrich.code-in-progress.de\/content\/uploads\/2021\/06\/B-MHE-20001_MoebelHeinrich_styleguide_Beispiellayouts_DIN-A5_2-768x877.png 768w, https:\/\/moebel-heinrich.code-in-progress.de\/content\/uploads\/2021\/06\/B-MHE-20001_MoebelHeinrich_styleguide_Beispiellayouts_DIN-A5_2.png 902w\" sizes=\"(max-width: 897px) 100vw, 897px\" \/><\/figure>\n<\/div>\n<\/div>\n<\/div>\n<\/div>\n\n\n\n<h2><strong>Post Aktuell A4<\/strong><\/h2>\n\n\n\n<div class=\"wp-block-columns\">\n<div class=\"wp-block-column\" style=\"flex-basis:60%\">\n<figure class=\"wp-block-image size-large\"><img loading=\"lazy\" width=\"1024\" height=\"680\" src=\"https:\/\/moebel-heinrich.code-in-progress.de\/content\/uploads\/2021\/06\/B-MHE-20001_MoebelHeinrich_styleguide_Beispiellayouts_DIN-A4_1-1024x680.png\" alt=\"\" class=\"wp-image-379\" srcset=\"https:\/\/moebel-heinrich.code-in-progress.de\/content\/uploads\/2021\/06\/B-MHE-20001_MoebelHeinrich_styleguide_Beispiellayouts_DIN-A4_1-1024x680.png 1024w, https:\/\/moebel-heinrich.code-in-progress.de\/content\/uploads\/2021\/06\/B-MHE-20001_MoebelHeinrich_styleguide_Beispiellayouts_DIN-A4_1-768x510.png 768w, https:\/\/moebel-heinrich.code-in-progress.de\/content\/uploads\/2021\/06\/B-MHE-20001_MoebelHeinrich_styleguide_Beispiellayouts_DIN-A4_1-1536x1019.png 1536w, https:\/\/moebel-heinrich.code-in-progress.de\/content\/uploads\/2021\/06\/B-MHE-20001_MoebelHeinrich_styleguide_Beispiellayouts_DIN-A4_1.png 1552w\" sizes=\"(max-width: 1024px) 100vw, 1024px\" \/><\/figure>\n<\/div>\n\n\n\n<div class=\"wp-block-column\" style=\"flex-basis:40%\">\n<figure class=\"wp-block-image size-large\"><img loading=\"lazy\" width=\"896\" height=\"1024\" src=\"https:\/\/moebel-heinrich.code-in-progress.de\/content\/uploads\/2021\/06\/B-MHE-20001_MoebelHeinrich_styleguide_Beispiellayouts_DIN-A4_2-896x1024.png\" alt=\"\" class=\"wp-image-370\" srcset=\"https:\/\/moebel-heinrich.code-in-progress.de\/content\/uploads\/2021\/06\/B-MHE-20001_MoebelHeinrich_styleguide_Beispiellayouts_DIN-A4_2-896x1024.png 896w, https:\/\/moebel-heinrich.code-in-progress.de\/content\/uploads\/2021\/06\/B-MHE-20001_MoebelHeinrich_styleguide_Beispiellayouts_DIN-A4_2-768x878.png 768w, https:\/\/moebel-heinrich.code-in-progress.de\/content\/uploads\/2021\/06\/B-MHE-20001_MoebelHeinrich_styleguide_Beispiellayouts_DIN-A4_2.png 901w\" sizes=\"(max-width: 896px) 100vw, 896px\" \/><\/figure>\n<\/div>\n<\/div>\n\n\n\n<h2><strong>Leuchtstele 685 mm x 2000 mm<\/strong><\/h2>\n\n\n\n<div class=\"wp-block-columns\">\n<div class=\"wp-block-column\">\n<figure class=\"wp-block-image size-large\"><img loading=\"lazy\" width=\"466\" height=\"1024\" src=\"https:\/\/moebel-heinrich.code-in-progress.de\/content\/uploads\/2021\/06\/B-MHE-20001_MoebelHeinrich_styleguide_Beispiellayouts_Leuchtstele_1-466x1024.png\" alt=\"\" class=\"wp-image-373\" srcset=\"https:\/\/moebel-heinrich.code-in-progress.de\/content\/uploads\/2021\/06\/B-MHE-20001_MoebelHeinrich_styleguide_Beispiellayouts_Leuchtstele_1-466x1024.png 466w, https:\/\/moebel-heinrich.code-in-progress.de\/content\/uploads\/2021\/06\/B-MHE-20001_MoebelHeinrich_styleguide_Beispiellayouts_Leuchtstele_1-768x1687.png 768w, https:\/\/moebel-heinrich.code-in-progress.de\/content\/uploads\/2021\/06\/B-MHE-20001_MoebelHeinrich_styleguide_Beispiellayouts_Leuchtstele_1-699x1536.png 699w, https:\/\/moebel-heinrich.code-in-progress.de\/content\/uploads\/2021\/06\/B-MHE-20001_MoebelHeinrich_styleguide_Beispiellayouts_Leuchtstele_1.png 901w\" sizes=\"(max-width: 466px) 100vw, 466px\" \/><\/figure>\n<\/div>\n\n\n\n<div class=\"wp-block-column\">\n<figure class=\"wp-block-image size-large\"><img loading=\"lazy\" width=\"466\" height=\"1024\" src=\"https:\/\/moebel-heinrich.code-in-progress.de\/content\/uploads\/2021\/06\/B-MHE-20001_MoebelHeinrich_styleguide_Beispiellayouts_Leuchtstele_2-466x1024.png\" alt=\"\" class=\"wp-image-371\" srcset=\"https:\/\/moebel-heinrich.code-in-progress.de\/content\/uploads\/2021\/06\/B-MHE-20001_MoebelHeinrich_styleguide_Beispiellayouts_Leuchtstele_2-466x1024.png 466w, https:\/\/moebel-heinrich.code-in-progress.de\/content\/uploads\/2021\/06\/B-MHE-20001_MoebelHeinrich_styleguide_Beispiellayouts_Leuchtstele_2-768x1687.png 768w, https:\/\/moebel-heinrich.code-in-progress.de\/content\/uploads\/2021\/06\/B-MHE-20001_MoebelHeinrich_styleguide_Beispiellayouts_Leuchtstele_2-699x1536.png 699w, https:\/\/moebel-heinrich.code-in-progress.de\/content\/uploads\/2021\/06\/B-MHE-20001_MoebelHeinrich_styleguide_Beispiellayouts_Leuchtstele_2.png 901w\" sizes=\"(max-width: 466px) 100vw, 466px\" \/><\/figure>\n<\/div>\n<\/div>\n\n\n\n<p><\/p>\n","protected":false},"excerpt":{"rendered":"In den hier abgebildeten Beispielen sollen nur Rahmengestaltungen verdeutlicht werden. Wo steht das Logo, wie gro\u00df ist das Logo, wie dick sind die Rahmenelemente? Anhand der Beispiele lassen sich leicht Gr\u00f6\u00dfen f\u00fcr weitere Formate ableiten. Die Ma\u00dfe dienen als Empfehlung. Je nach Botschaft, Aussage und Platzierung k\u00f6nnen nat\u00fcrlich andere Gr\u00f6\u00dfenverh\u00e4ltnisse n\u00f6tig oder besser geeignet sein.&nbsp;&hellip;","protected":false},"author":3,"featured_media":320,"parent":0,"menu_order":10,"comment_status":"closed","ping_status":"closed","template":"","meta":[],"_links":{"self":[{"href":"https:\/\/moebel-heinrich.code-in-progress.de\/wp\/wp-json\/wp\/v2\/pages\/219"}],"collection":[{"href":"https:\/\/moebel-heinrich.code-in-progress.de\/wp\/wp-json\/wp\/v2\/pages"}],"about":[{"href":"https:\/\/moebel-heinrich.code-in-progress.de\/wp\/wp-json\/wp\/v2\/types\/page"}],"author":[{"embeddable":true,"href":"https:\/\/moebel-heinrich.code-in-progress.de\/wp\/wp-json\/wp\/v2\/users\/3"}],"replies":[{"embeddable":true,"href":"https:\/\/moebel-heinrich.code-in-progress.de\/wp\/wp-json\/wp\/v2\/comments?post=219"}],"version-history":[{"count":23,"href":"https:\/\/moebel-heinrich.code-in-progress.de\/wp\/wp-json\/wp\/v2\/pages\/219\/revisions"}],"predecessor-version":[{"id":380,"href":"https:\/\/moebel-heinrich.code-in-progress.de\/wp\/wp-json\/wp\/v2\/pages\/219\/revisions\/380"}],"wp:featuredmedia":[{"embeddable":true,"href":"https:\/\/moebel-heinrich.code-in-progress.de\/wp\/wp-json\/wp\/v2\/media\/320"}],"wp:attachment":[{"href":"https:\/\/moebel-heinrich.code-in-progress.de\/wp\/wp-json\/wp\/v2\/media?parent=219"}],"curies":[{"name":"wp","href":"https:\/\/api.w.org\/{rel}","templated":true}]}}